{"id":5763,"date":"2022-01-12T10:38:12","date_gmt":"2022-01-12T10:38:12","guid":{"rendered":"https:\/\/myapartments.ee\/accommodation-conditions-kotka-2\/"},"modified":"2022-04-21T06:23:07","modified_gmt":"2022-04-21T06:23:07","slug":"majutusleping-kotka2","status":"publish","type":"page","link":"https:\/\/www.myapartments.ee\/et\/majutusleping-kotka2\/","title":{"rendered":"Majutusleping (Kotka 2)"},"content":{"rendered":"<p>[vc_row][vc_column width=&#8221;1\/6&#8243;][\/vc_column][vc_column width=&#8221;2\/3&#8243;][vc_column_text]Maalink O\u00dc<br \/>\nSakala 11, 10141 Tallinn, Eesti<br \/>\nReg nr. 11935774<br \/>\nTel.+37255553379<\/p>\n<h3>MAJUTUSLEPINGU \u00dcLDTINGIMUSED<\/h3>\n<p>Sisukord:<\/p>\n<ol>\n<li style=\"font-weight: 400;\" aria-level=\"1\">LEPINGU POOLED, EESM\u00c4RK JA SISU<\/li>\n<li aria-level=\"1\">LEPINGU ESE<\/li>\n<li aria-level=\"1\">TASU, K\u00d5RVALKULUD JA LISATEENUSED<\/li>\n<li aria-level=\"1\">TAGATIS<\/li>\n<li aria-level=\"1\">KORTERI SEISUKORD JA \u00dcLEANDMINE<\/li>\n<li aria-level=\"1\">POOLTE \u00d5IGUSED JA KOHUSTUSED<\/li>\n<li aria-level=\"1\">KONFIDENTSIAALSUS<\/li>\n<li style=\"font-weight: 400;\" aria-level=\"1\">LEPINGU L\u00d5PPEMINE<\/li>\n<li style=\"font-weight: 400;\" aria-level=\"1\">L\u00d5PPS\u00c4TTED<\/li>\n<\/ol>\n<p><span style=\"font-weight: 400;\"><strong>Lisa nr 1<\/strong> \u2013 \u00dcleandmise &#8211; vastuv\u00f5tmise akt; <\/span><span style=\"font-weight: 400;\"><br \/>\n<\/span><span style=\"font-weight: 400;\"><strong>Lisa nr 2<\/strong> \u2013 Sisekorraeeskirjad.\u00a0<\/span><span style=\"font-weight: 400;\"><br \/>\n<\/span><\/p>\n<p><strong><a href=\"https:\/\/myapartments.ee\/wp-content\/uploads\/2022\/04\/kotka2-majutuslepingu-yldtingimused-est-final.pdf\" target=\"_blank\" rel=\"noopener\">Kliki siin, et tutvuda Kotka 2 majutuslepinguga (pdf)<\/a><\/strong><\/p>\n<p><strong>Maalink O\u00dc<\/strong><br \/>\nSakala 11, 10141 Tallinn, Eesti<br \/>\nReg nr. 11935774<br \/>\nTel.+37255553379<strong><br \/>\n<\/strong>[\/vc_column_text][\/vc_column][vc_column width=&#8221;1\/6&#8243;][\/vc_column][\/vc_row]<\/p>\n","protected":false},"excerpt":{"rendered":"<p>[vc_row][vc_column width=&#8221;1\/6&#8243;][\/vc_column][vc_column width=&#8221;2\/3&#8243;][vc_column_text]Maalink O\u00dc Sakala 11, 10141 Tallinn, Eesti Reg nr. 11935774 Tel.+37255553379 MAJUTUSLEPINGU \u00dcLDTINGIMUSED Sisukord: LEPINGU POOLED, EESM\u00c4RK JA SISU LEPINGU ESE TASU, K\u00d5RVALKULUD JA LISATEENUSED TAGATIS KORTERI SEISUKORD JA \u00dcLEANDMINE POOLTE \u00d5IGUSED JA KOHUSTUSED KONFIDENTSIAALSUS LEPINGU L\u00d5PPEMINE L\u00d5PPS\u00c4TTED Lisa nr 1 \u2013 \u00dcleandmise &#8211; vastuv\u00f5tmise akt; Lisa nr 2 \u2013 Sisekorraeeskirjad.\u00a0 Kliki siin, [&hellip;]<\/p>\n","protected":false},"author":2,"featured_media":0,"parent":0,"menu_order":1001,"comment_status":"closed","ping_status":"closed","template":"","meta":{"inline_featured_image":false,"footnotes":""},"class_list":["post-5763","page","type-page","status-publish","hentry"],"acf":[],"yoast_head":"<!-- This site is optimized with the Yoast SEO plugin v20.5 - https:\/\/yoast.com\/wordpress\/plugins\/seo\/ -->\n<title>Majutusleping (Kotka 2) - MyApartments<\/title>\n<meta name=\"robots\" content=\"index, follow, max-snippet:-1, max-image-preview:large, max-video-preview:-1\" \/>\n<link rel=\"canonical\" href=\"https:\/\/www.myapartments.ee\/et\/majutusleping-kotka2\/\" \/>\n<meta property=\"og:locale\" content=\"et_EE\" \/>\n<meta property=\"og:type\" content=\"article\" \/>\n<meta property=\"og:title\" content=\"Majutusleping (Kotka 2) - MyApartments\" \/>\n<meta property=\"og:description\" content=\"[vc_row][vc_column width=&#8221;1\/6&#8243;][\/vc_column][vc_column width=&#8221;2\/3&#8243;][vc_column_text]Maalink O\u00dc Sakala 11, 10141 Tallinn, Eesti Reg nr. 11935774 Tel.+37255553379 MAJUTUSLEPINGU \u00dcLDTINGIMUSED Sisukord: LEPINGU POOLED, EESM\u00c4RK JA SISU LEPINGU ESE TASU, K\u00d5RVALKULUD JA LISATEENUSED TAGATIS KORTERI SEISUKORD JA \u00dcLEANDMINE POOLTE \u00d5IGUSED JA KOHUSTUSED KONFIDENTSIAALSUS LEPINGU L\u00d5PPEMINE L\u00d5PPS\u00c4TTED Lisa nr 1 \u2013 \u00dcleandmise &#8211; vastuv\u00f5tmise akt; Lisa nr 2 \u2013 Sisekorraeeskirjad.\u00a0 Kliki siin, [&hellip;]\" \/>\n<meta property=\"og:url\" content=\"https:\/\/www.myapartments.ee\/et\/majutusleping-kotka2\/\" \/>\n<meta property=\"og:site_name\" content=\"MyApartments\" \/>\n<meta property=\"article:modified_time\" content=\"2022-04-21T06:23:07+00:00\" \/>\n<meta name=\"twitter:card\" content=\"summary_large_image\" \/>\n<meta name=\"twitter:label1\" content=\"Est. reading time\" \/>\n\t<meta name=\"twitter:data1\" content=\"1 minut\" \/>\n<script type=\"application\/ld+json\" class=\"yoast-schema-graph\">{\"@context\":\"https:\/\/schema.org\",\"@graph\":[{\"@type\":\"WebPage\",\"@id\":\"https:\/\/www.myapartments.ee\/et\/majutusleping-kotka2\/\",\"url\":\"https:\/\/www.myapartments.ee\/et\/majutusleping-kotka2\/\",\"name\":\"Majutusleping (Kotka 2) - MyApartments\",\"isPartOf\":{\"@id\":\"https:\/\/www.myapartments.ee\/#website\"},\"datePublished\":\"2022-01-12T10:38:12+00:00\",\"dateModified\":\"2022-04-21T06:23:07+00:00\",\"breadcrumb\":{\"@id\":\"https:\/\/www.myapartments.ee\/et\/majutusleping-kotka2\/#breadcrumb\"},\"inLanguage\":\"et\",\"potentialAction\":[{\"@type\":\"ReadAction\",\"target\":[\"https:\/\/www.myapartments.ee\/et\/majutusleping-kotka2\/\"]}]},{\"@type\":\"BreadcrumbList\",\"@id\":\"https:\/\/www.myapartments.ee\/et\/majutusleping-kotka2\/#breadcrumb\",\"itemListElement\":[{\"@type\":\"ListItem\",\"position\":1,\"name\":\"Home\",\"item\":\"https:\/\/www.myapartments.ee\/et\/\"},{\"@type\":\"ListItem\",\"position\":2,\"name\":\"Majutusleping (Kotka 2)\"}]},{\"@type\":\"WebSite\",\"@id\":\"https:\/\/www.myapartments.ee\/#website\",\"url\":\"https:\/\/www.myapartments.ee\/\",\"name\":\"MyApartments\",\"description\":\"Tallinna parimad hotellikorterid\",\"potentialAction\":[{\"@type\":\"SearchAction\",\"target\":{\"@type\":\"EntryPoint\",\"urlTemplate\":\"https:\/\/www.myapartments.ee\/?s={search_term_string}\"},\"query-input\":\"required name=search_term_string\"}],\"inLanguage\":\"et\"}]}<\/script>\n<!-- \/ Yoast SEO plugin. -->","yoast_head_json":{"title":"Majutusleping (Kotka 2) - MyApartments","robots":{"index":"index","follow":"follow","max-snippet":"max-snippet:-1","max-image-preview":"max-image-preview:large","max-video-preview":"max-video-preview:-1"},"canonical":"https:\/\/www.myapartments.ee\/et\/majutusleping-kotka2\/","og_locale":"et_EE","og_type":"article","og_title":"Majutusleping (Kotka 2) - MyApartments","og_description":"[vc_row][vc_column width=&#8221;1\/6&#8243;][\/vc_column][vc_column width=&#8221;2\/3&#8243;][vc_column_text]Maalink O\u00dc Sakala 11, 10141 Tallinn, Eesti Reg nr. 11935774 Tel.+37255553379 MAJUTUSLEPINGU \u00dcLDTINGIMUSED Sisukord: LEPINGU POOLED, EESM\u00c4RK JA SISU LEPINGU ESE TASU, K\u00d5RVALKULUD JA LISATEENUSED TAGATIS KORTERI SEISUKORD JA \u00dcLEANDMINE POOLTE \u00d5IGUSED JA KOHUSTUSED KONFIDENTSIAALSUS LEPINGU L\u00d5PPEMINE L\u00d5PPS\u00c4TTED Lisa nr 1 \u2013 \u00dcleandmise &#8211; vastuv\u00f5tmise akt; Lisa nr 2 \u2013 Sisekorraeeskirjad.\u00a0 Kliki siin, [&hellip;]","og_url":"https:\/\/www.myapartments.ee\/et\/majutusleping-kotka2\/","og_site_name":"MyApartments","article_modified_time":"2022-04-21T06:23:07+00:00","twitter_card":"summary_large_image","twitter_misc":{"Est. reading time":"1 minut"},"schema":{"@context":"https:\/\/schema.org","@graph":[{"@type":"WebPage","@id":"https:\/\/www.myapartments.ee\/et\/majutusleping-kotka2\/","url":"https:\/\/www.myapartments.ee\/et\/majutusleping-kotka2\/","name":"Majutusleping (Kotka 2) - MyApartments","isPartOf":{"@id":"https:\/\/www.myapartments.ee\/#website"},"datePublished":"2022-01-12T10:38:12+00:00","dateModified":"2022-04-21T06:23:07+00:00","breadcrumb":{"@id":"https:\/\/www.myapartments.ee\/et\/majutusleping-kotka2\/#breadcrumb"},"inLanguage":"et","potentialAction":[{"@type":"ReadAction","target":["https:\/\/www.myapartments.ee\/et\/majutusleping-kotka2\/"]}]},{"@type":"BreadcrumbList","@id":"https:\/\/www.myapartments.ee\/et\/majutusleping-kotka2\/#breadcrumb","itemListElement":[{"@type":"ListItem","position":1,"name":"Home","item":"https:\/\/www.myapartments.ee\/et\/"},{"@type":"ListItem","position":2,"name":"Majutusleping (Kotka 2)"}]},{"@type":"WebSite","@id":"https:\/\/www.myapartments.ee\/#website","url":"https:\/\/www.myapartments.ee\/","name":"MyApartments","description":"Tallinna parimad hotellikorterid","potentialAction":[{"@type":"SearchAction","target":{"@type":"EntryPoint","urlTemplate":"https:\/\/www.myapartments.ee\/?s={search_term_string}"},"query-input":"required name=search_term_string"}],"inLanguage":"et"}]}},"_links":{"self":[{"href":"https:\/\/www.myapartments.ee\/et\/wp-json\/wp\/v2\/pages\/5763","targetHints":{"allow":["GET"]}}],"collection":[{"href":"https:\/\/www.myapartments.ee\/et\/wp-json\/wp\/v2\/pages"}],"about":[{"href":"https:\/\/www.myapartments.ee\/et\/wp-json\/wp\/v2\/types\/page"}],"author":[{"embeddable":true,"href":"https:\/\/www.myapartments.ee\/et\/wp-json\/wp\/v2\/users\/2"}],"replies":[{"embeddable":true,"href":"https:\/\/www.myapartments.ee\/et\/wp-json\/wp\/v2\/comments?post=5763"}],"version-history":[{"count":11,"href":"https:\/\/www.myapartments.ee\/et\/wp-json\/wp\/v2\/pages\/5763\/revisions"}],"predecessor-version":[{"id":7956,"href":"https:\/\/www.myapartments.ee\/et\/wp-json\/wp\/v2\/pages\/5763\/revisions\/7956"}],"wp:attachment":[{"href":"https:\/\/www.myapartments.ee\/et\/wp-json\/wp\/v2\/media?parent=5763"}],"curies":[{"name":"wp","href":"https:\/\/api.w.org\/{rel}","templated":true}]}}