{"id":5087,"date":"2021-12-15T07:23:37","date_gmt":"2021-12-15T07:23:37","guid":{"rendered":"https:\/\/myapartments.ee\/kotka-2\/"},"modified":"2022-03-17T14:48:33","modified_gmt":"2022-03-17T14:48:33","slug":"kotka-2","status":"publish","type":"page","link":"https:\/\/www.myapartments.ee\/et\/kotka-2\/","title":{"rendered":"Kotka 2"},"content":{"rendered":"<p>[vc_row el_id=&#8221;intro&#8221;][vc_column][vc_row_inner][vc_column_inner]\t\t\t<div\n\t\t\t\tclass=\"main_title  text-left  \">\n\t\t\t\t<h2 class=\"title\">Korterhotell<\/h2>\n\t\t\t\t\t\t\t\t\t<p class=\"main_description\">Kotka 2, Tallinn<\/p>\n\t\t\t\t\t\t\t<\/div>\n\t\t[vc_column_text]<span style=\"font-weight: 400;\"><strong>J\u00e4\u00e4 natukeseks v\u00f5i pikemaks ajaks.<\/strong> My Apartments pakub kaasaegseid ja t\u00e4ielikult sisustatud kortereid l\u00fchikeseks v\u00f5i pikemaks peatumiseks. Teeme palju selleks, et tunneksid ennast justkui kodus.<\/span>[\/vc_column_text][\/vc_column_inner][\/vc_row_inner][vc_single_image image=&#8221;2839&#8243; img_size=&#8221;full&#8221;][vc_raw_html]JTNDYSUyMGhyZWYlM0QlMjIlMjNob3RlbEdhbGxlcnklMjIlMjBpZCUzRCUyMmhvdGVsLWdhbGxlcnktYnRuJTIyJTIwY2xhc3MlM0QlMjJob3RlbC1nYWxsZXJ5LWJ0biUyMiUzRVZhYXRhJTIwbWFqYSUyMGdhbGVyaWlkJTNDJTJGYSUzRQ==[\/vc_raw_html][\/vc_column][\/vc_row][vc_row el_id=&#8221;appartments&#8221;][vc_column][vc_raw_html]JTVCZWFnbGVfYm9va2luZ19zZWFyY2hfcmVzdWx0cyU1RA==[\/vc_raw_html][\/vc_column][\/vc_row][vc_section el_id=&#8221;house-rules&#8221;][vc_row][vc_column]\t\t\t<div\n\t\t\t\tclass=\"main_title  text-left  \">\n\t\t\t\t<h2 class=\"title\">Kodureeglid<\/h2>\n\t\t\t\t\t\t\t<\/div>\n\t\t[vc_tta_tabs][vc_tta_section title=&#8221;Broneerimine&#8221; tab_id=&#8221;1639553915736-e2be8196-bdc8&#8243; el_class=&#8221;taba01&#8243;][vc_row_inner][vc_column_inner width=&#8221;1\/3&#8243;][vc_column_text]<span style=\"font-weight: 400;\">Sisseregistreerimine alates kella 15:00 &#8211; 18.00<\/span><\/p>\n<p><span style=\"font-weight: 400;\">V\u00e4ljaregistreerimine kella 12:00<\/span>[\/vc_column_text][\/vc_column_inner][vc_column_inner width=&#8221;2\/3&#8243;][vc_column_text]<span style=\"font-weight: 400;\">P\u00e4rast broneerigut v\u00f5ite paluda varajast sisseregistreerimist ja\/v\u00f5i hilist v\u00e4ljaregistreerimist. Meie meeskond annab endast parima, et vastavalt v\u00f5imalusele rahuldada Teie soovid.<\/span>[\/vc_column_text][\/vc_column_inner][\/vc_row_inner][\/vc_tta_section][vc_tta_section title=&#8221;Reeglid&#8221; tab_id=&#8221;1639553915753-743dbe3c-eedd&#8221; el_class=&#8221;rules&#8221;][vc_row_inner][vc_column_inner width=&#8221;1\/4&#8243;][vc_single_image image=&#8221;5216&#8243; img_size=&#8221;full&#8221; add_caption=&#8221;yes&#8221; title=&#8221;01&#8243;][\/vc_column_inner][vc_column_inner width=&#8221;1\/4&#8243;][vc_single_image image=&#8221;5219&#8243; img_size=&#8221;full&#8221; add_caption=&#8221;yes&#8221; title=&#8221;02&#8243;][\/vc_column_inner][vc_column_inner width=&#8221;1\/4&#8243;][vc_single_image image=&#8221;5222&#8243; img_size=&#8221;full&#8221; add_caption=&#8221;yes&#8221; title=&#8221;03&#8243;][\/vc_column_inner][vc_column_inner width=&#8221;1\/4&#8243;][vc_single_image image=&#8221;5225&#8243; img_size=&#8221;full&#8221; add_caption=&#8221;yes&#8221; title=&#8221;04&#8243;][\/vc_column_inner][\/vc_row_inner][\/vc_tta_section][vc_tta_section title=&#8221;Juurdep\u00e4\u00e4setavus&#8221; tab_id=&#8221;1647268540279-30826d51-9ce8&#8243;][vc_row_inner][vc_column_inner width=&#8221;2\/3&#8243;][vc_column_text]Meie juures majutades on v\u00f5imalik kasutada kohe maja sissep\u00e4\u00e4su juures asuvat parklat v\u00f5i k\u00fcljepeal asuvat parklat ja majas saab kasutada mugavalt lifti. Lisaks on \u00f5ues olemas kaldtee.[\/vc_column_text][\/vc_column_inner][vc_column_inner width=&#8221;1\/3&#8243;][\/vc_column_inner][\/vc_row_inner][\/vc_tta_section][vc_tta_section title=&#8221;Parkimine&#8221; tab_id=&#8221;1647268653257-f882e319-a90d&#8221;][vc_row_inner][vc_column_inner width=&#8221;2\/3&#8243;][vc_column_text]<span style=\"font-weight: 400;\">Meie juures majutades on v\u00f5imalik kasutada kohe maja sissep\u00e4\u00e4su juures asuvat parklat ning korrustele saab liftiga.<\/span>[\/vc_column_text][\/vc_column_inner][vc_column_inner width=&#8221;1\/3&#8243;][\/vc_column_inner][\/vc_row_inner][\/vc_tta_section][vc_tta_section title=&#8221;Broneeringu t\u00fchistamine&#8221; tab_id=&#8221;1639554103679-eff5c735-1782&#8243;][vc_row_inner][vc_column_inner width=&#8221;2\/3&#8243;][vc_column_text]T\u00fchistage oma broneering kuni 3 p\u00e4eva enne sisseregistreerimist ja saate kogu raha tagasi. Pikema peatumise korral, mille eest tasutakse igakuiselt, n\u00f5uame t\u00fchistamiseks v\u00f5i muutmiseks v\u00e4hemalt 30-p\u00e4evast etteteatamist.[\/vc_column_text][\/vc_column_inner][vc_column_inner width=&#8221;1\/3&#8243;][\/vc_column_inner][\/vc_row_inner][\/vc_tta_section][\/vc_tta_tabs][\/vc_column][\/vc_row][\/vc_section][vc_section full_width=&#8221;stretch_row_content&#8221; css=&#8221;.vc_custom_1639648273680{border-bottom-width: 200px !important;padding-top: 180px !important;background-color: #faf7f1 !important;}&#8221; el_id=&#8221;faq&#8221; el_class=&#8221;faq&#8221;][vc_row full_width=&#8221;stretch_row_content_no_spaces&#8221; content_placement=&#8221;top&#8221; el_class=&#8221;container&#8221;][vc_column]\t\t\t<div\n\t\t\t\tclass=\"main_title  text-left  \">\n\t\t\t\t<h2 class=\"title\">KKK<\/h2>\n\t\t\t\t\t\t\t<\/div>\n\t\t[vc_tta_accordion c_position=&#8221;right&#8221; active_section=&#8221;&#8221; collapsible_all=&#8221;true&#8221;][vc_tta_section title=&#8221;Kas Kotka 2 majas on s\u00f6\u00f6gikoht?&#8221; tab_id=&#8221;1639554266406-f7895b77-9f37&#8243;][vc_row_inner][vc_column_inner][vc_column_text]Kahjuks pole Kotka 2 majas s\u00f6\u00f6gikohta. Aga l\u00e4hedal on Kristiine keskus, kust iga\u00fcks leiab endale vajalikud teenused &#8211; poed, kohvikud, restoranid.[\/vc_column_text][\/vc_column_inner][\/vc_row_inner][\/vc_tta_section][vc_tta_section title=&#8221;Kas Kotka 2 majas on tube r\u00f5du v\u00f5i terrassiga?&#8221; tab_id=&#8221;1639554266427-cda34941-fffe&#8221;][vc_row_inner el_class=&#8221;flexi&#8221;][vc_column_inner width=&#8221;1\/2&#8243;][vc_column_text]Kahjuks ei ole MyApartments Kotkal r\u00f5duga tube.[\/vc_column_text][\/vc_column_inner][\/vc_row_inner][\/vc_tta_section][vc_tta_section title=&#8221;Mida on v\u00f5imalik teha?&#8221; tab_id=&#8221;1639554301768-361bd7c5-825c&#8221;][vc_row_inner][vc_column_inner width=&#8221;2\/3&#8243;][vc_column_text]MyApartments Kotkas saate nautida viibimist rohelises piirkonnas. Seal on ruumi jalutamiseks, jooksmiseks ja looduse nautimiseks. Ka Kristiine kaubanduskeskus asub vaid 300m kaugusel.[\/vc_column_text][\/vc_column_inner][vc_column_inner width=&#8221;1\/3&#8243;][\/vc_column_inner][\/vc_row_inner][vc_row_inner el_class=&#8221;noliststyle&#8221;][vc_column_inner el_class=&#8221;what-near&#8221; width=&#8221;1\/2&#8243;]\t\t\t<div\n\t\t\t\tclass=\"main_title  text-left  \">\n\t\t\t\t<h2 class=\"title\">What&#039;s nearby<\/h2>\n\t\t\t\t\t\t\t<\/div>\n\t\t[vc_column_text]<\/p>\n<ul>\n<li><i>0.3 km<\/i> <strong>Kristiine Center<\/strong><\/li>\n<\/ul>\n<p>[\/vc_column_text][\/vc_column_inner][vc_column_inner el_class=&#8221;top-attractions&#8221; width=&#8221;1\/2&#8243;]\t\t\t<div\n\t\t\t\tclass=\"main_title  text-left  \">\n\t\t\t\t<h2 class=\"title\">Top attractions<\/h2>\n\t\t\t\t\t\t\t<\/div>\n\t\t[vc_column_text]<\/p>\n<ul>\n<li><i>4 km<\/i> <strong>Old Town<\/strong><\/li>\n<\/ul>\n<p>[\/vc_column_text][\/vc_column_inner][\/vc_row_inner][\/vc_tta_section][vc_tta_section title=&#8221;Mitu inimest saab \u00f6\u00f6bida Kotka 2 majas?&#8221; tab_id=&#8221;1639554311805-fe07eb5a-8c23&#8243;][vc_row_inner][vc_column_inner width=&#8221;2\/3&#8243;][vc_column_text]MyApartments Kotka mahub kuni 3 inimest \u00fchte korterisse.[\/vc_column_text][\/vc_column_inner][vc_column_inner width=&#8221;1\/3&#8243;][\/vc_column_inner][\/vc_row_inner][\/vc_tta_section][vc_tta_section title=&#8221;Kas Kotka 2 on parkimine v\u00f5imalik?&#8221; tab_id=&#8221;1639554312920-5dad47f3-caed&#8221;][vc_row_inner][vc_column_inner][vc_column_text]MyApartments Kotkal on kohapeal lisatasu eest parkla. Parkimine<br \/>\ntuleb eelnevalt broneerida ja see s\u00f5ltub saadavusest.[\/vc_column_text][\/vc_column_inner][\/vc_row_inner][\/vc_tta_section][vc_tta_section title=&#8221;Kuidas saab Kotka 2 majast l\u00e4himasse lennujaama?&#8221; tab_id=&#8221;1639554313898-06514dc5-56b1&#8243;][vc_row_inner][vc_column_inner width=&#8221;1\/2&#8243;][vc_column_text]<strong>L\u00e4him lennujaam<\/strong><\/p>\n<ul>\n<li>Lennart Meri Tallinn Lennujaam<\/li>\n<\/ul>\n<p>[\/vc_column_text][\/vc_column_inner][vc_column_inner width=&#8221;1\/2&#8243;][vc_column_text]Lennujaamast p\u00e4\u00e4sete Kotka 2 j\u00e4rgmiselt:<\/p>\n<ul>\n<li>MyApartments Kotkasse p\u00e4\u00e4sete lennujaamast taksoga. See v\u00f5tab umbes 15-20 minutit. Vaadake kontaktide all on rohkme infot, kuidas meieni j\u00f5uda.<\/li>\n<\/ul>\n<p>[\/vc_column_text][\/vc_column_inner][\/vc_row_inner][\/vc_tta_section][vc_tta_section title=&#8221;Millal on sisse- ja v\u00e4ljaregistreerimine?&#8221; tab_id=&#8221;1640885084691-b5b2165c-a0f0&#8243;][vc_column_text]Sisseregistreerimine algab kell 15.00. V\u00e4ljaregistreerimise aeg on 12:00.[\/vc_column_text][\/vc_tta_section][vc_tta_section title=&#8221;Kui kaugel on vanalinn?&#8221; tab_id=&#8221;1640885187878-48b522c1-7a3a&#8221;][vc_column_text]MyApartments Kotka asub vanalinnast ca 4 km kaugusel.[\/vc_column_text][\/vc_tta_section][\/vc_tta_accordion][\/vc_column][\/vc_row][\/vc_section]<\/p>\n","protected":false},"excerpt":{"rendered":"<p>[vc_row el_id=&#8221;intro&#8221;][vc_column][vc_row_inner][vc_column_inner][vc_column_text]J\u00e4\u00e4 natukeseks v\u00f5i pikemaks ajaks. My Apartments pakub kaasaegseid ja t\u00e4ielikult sisustatud kortereid l\u00fchikeseks v\u00f5i pikemaks peatumiseks. Teeme palju selleks, et tunneksid ennast justkui kodus.[\/vc_column_text][\/vc_column_inner][\/vc_row_inner][vc_single_image image=&#8221;2839&#8243; img_size=&#8221;full&#8221;][vc_raw_html]JTNDYSUyMGhyZWYlM0QlMjIlMjNob3RlbEdhbGxlcnklMjIlMjBpZCUzRCUyMmhvdGVsLWdhbGxlcnktYnRuJTIyJTIwY2xhc3MlM0QlMjJob3RlbC1nYWxsZXJ5LWJ0biUyMiUzRVZhYXRhJTIwbWFqYSUyMGdhbGVyaWlkJTNDJTJGYSUzRQ==[\/vc_raw_html][\/vc_column][\/vc_row][vc_row el_id=&#8221;appartments&#8221;][vc_column][vc_raw_html]JTVCZWFnbGVfYm9va2luZ19zZWFyY2hfcmVzdWx0cyU1RA==[\/vc_raw_html][\/vc_column][\/vc_row][vc_section el_id=&#8221;house-rules&#8221;][vc_row][vc_column][vc_tta_tabs][vc_tta_section title=&#8221;Broneerimine&#8221; tab_id=&#8221;1639553915736-e2be8196-bdc8&#8243; el_class=&#8221;taba01&#8243;][vc_row_inner][vc_column_inner width=&#8221;1\/3&#8243;][vc_column_text]Sisseregistreerimine alates kella 15:00 &#8211; 18.00 V\u00e4ljaregistreerimine kella 12:00[\/vc_column_text][\/vc_column_inner][vc_column_inner width=&#8221;2\/3&#8243;][vc_column_text]P\u00e4rast broneerigut v\u00f5ite paluda varajast sisseregistreerimist ja\/v\u00f5i hilist v\u00e4ljaregistreerimist. Meie meeskond annab endast [&hellip;]<\/p>\n","protected":false},"author":1,"featured_media":0,"parent":0,"menu_order":2,"comment_status":"closed","ping_status":"closed","template":"zante\/page-room.php","meta":{"inline_featured_image":false,"footnotes":""},"class_list":["post-5087","page","type-page","status-publish","hentry"],"acf":[],"yoast_head":"<!-- This site is optimized with the Yoast SEO plugin v20.5 - https:\/\/yoast.com\/wordpress\/plugins\/seo\/ -->\n<title>Kotka 2 - MyApartments<\/title>\n<meta name=\"robots\" content=\"index, follow, max-snippet:-1, max-image-preview:large, max-video-preview:-1\" \/>\n<link rel=\"canonical\" href=\"https:\/\/www.myapartments.ee\/et\/kotka-2\/\" \/>\n<meta property=\"og:locale\" content=\"et_EE\" \/>\n<meta property=\"og:type\" content=\"article\" \/>\n<meta property=\"og:title\" content=\"Kotka 2 - MyApartments\" \/>\n<meta property=\"og:description\" content=\"[vc_row el_id=&#8221;intro&#8221;][vc_column][vc_row_inner][vc_column_inner][vc_column_text]J\u00e4\u00e4 natukeseks v\u00f5i pikemaks ajaks. My Apartments pakub kaasaegseid ja t\u00e4ielikult sisustatud kortereid l\u00fchikeseks v\u00f5i pikemaks peatumiseks. Teeme palju selleks, et tunneksid ennast justkui kodus.[\/vc_column_text][\/vc_column_inner][\/vc_row_inner][vc_single_image image=&#8221;2839&#8243; img_size=&#8221;full&#8221;][vc_raw_html]JTNDYSUyMGhyZWYlM0QlMjIlMjNob3RlbEdhbGxlcnklMjIlMjBpZCUzRCUyMmhvdGVsLWdhbGxlcnktYnRuJTIyJTIwY2xhc3MlM0QlMjJob3RlbC1nYWxsZXJ5LWJ0biUyMiUzRVZhYXRhJTIwbWFqYSUyMGdhbGVyaWlkJTNDJTJGYSUzRQ==[\/vc_raw_html][\/vc_column][\/vc_row][vc_row el_id=&#8221;appartments&#8221;][vc_column][vc_raw_html]JTVCZWFnbGVfYm9va2luZ19zZWFyY2hfcmVzdWx0cyU1RA==[\/vc_raw_html][\/vc_column][\/vc_row][vc_section el_id=&#8221;house-rules&#8221;][vc_row][vc_column][vc_tta_tabs][vc_tta_section title=&#8221;Broneerimine&#8221; tab_id=&#8221;1639553915736-e2be8196-bdc8&#8243; el_class=&#8221;taba01&#8243;][vc_row_inner][vc_column_inner width=&#8221;1\/3&#8243;][vc_column_text]Sisseregistreerimine alates kella 15:00 &#8211; 18.00 V\u00e4ljaregistreerimine kella 12:00[\/vc_column_text][\/vc_column_inner][vc_column_inner width=&#8221;2\/3&#8243;][vc_column_text]P\u00e4rast broneerigut v\u00f5ite paluda varajast sisseregistreerimist ja\/v\u00f5i hilist v\u00e4ljaregistreerimist. Meie meeskond annab endast [&hellip;]\" \/>\n<meta property=\"og:url\" content=\"https:\/\/www.myapartments.ee\/et\/kotka-2\/\" \/>\n<meta property=\"og:site_name\" content=\"MyApartments\" \/>\n<meta property=\"article:modified_time\" content=\"2022-03-17T14:48:33+00:00\" \/>\n<meta name=\"twitter:card\" content=\"summary_large_image\" \/>\n<meta name=\"twitter:label1\" content=\"Est. reading time\" \/>\n\t<meta name=\"twitter:data1\" content=\"2 minutit\" \/>\n<script type=\"application\/ld+json\" class=\"yoast-schema-graph\">{\"@context\":\"https:\/\/schema.org\",\"@graph\":[{\"@type\":\"WebPage\",\"@id\":\"https:\/\/www.myapartments.ee\/et\/kotka-2\/\",\"url\":\"https:\/\/www.myapartments.ee\/et\/kotka-2\/\",\"name\":\"Kotka 2 - MyApartments\",\"isPartOf\":{\"@id\":\"https:\/\/www.myapartments.ee\/#website\"},\"datePublished\":\"2021-12-15T07:23:37+00:00\",\"dateModified\":\"2022-03-17T14:48:33+00:00\",\"breadcrumb\":{\"@id\":\"https:\/\/www.myapartments.ee\/et\/kotka-2\/#breadcrumb\"},\"inLanguage\":\"et\",\"potentialAction\":[{\"@type\":\"ReadAction\",\"target\":[\"https:\/\/www.myapartments.ee\/et\/kotka-2\/\"]}]},{\"@type\":\"BreadcrumbList\",\"@id\":\"https:\/\/www.myapartments.ee\/et\/kotka-2\/#breadcrumb\",\"itemListElement\":[{\"@type\":\"ListItem\",\"position\":1,\"name\":\"Home\",\"item\":\"https:\/\/www.myapartments.ee\/et\/\"},{\"@type\":\"ListItem\",\"position\":2,\"name\":\"Kotka 2\"}]},{\"@type\":\"WebSite\",\"@id\":\"https:\/\/www.myapartments.ee\/#website\",\"url\":\"https:\/\/www.myapartments.ee\/\",\"name\":\"MyApartments\",\"description\":\"Tallinna parimad hotellikorterid\",\"potentialAction\":[{\"@type\":\"SearchAction\",\"target\":{\"@type\":\"EntryPoint\",\"urlTemplate\":\"https:\/\/www.myapartments.ee\/?s={search_term_string}\"},\"query-input\":\"required name=search_term_string\"}],\"inLanguage\":\"et\"}]}<\/script>\n<!-- \/ Yoast SEO plugin. -->","yoast_head_json":{"title":"Kotka 2 - MyApartments","robots":{"index":"index","follow":"follow","max-snippet":"max-snippet:-1","max-image-preview":"max-image-preview:large","max-video-preview":"max-video-preview:-1"},"canonical":"https:\/\/www.myapartments.ee\/et\/kotka-2\/","og_locale":"et_EE","og_type":"article","og_title":"Kotka 2 - MyApartments","og_description":"[vc_row el_id=&#8221;intro&#8221;][vc_column][vc_row_inner][vc_column_inner][vc_column_text]J\u00e4\u00e4 natukeseks v\u00f5i pikemaks ajaks. My Apartments pakub kaasaegseid ja t\u00e4ielikult sisustatud kortereid l\u00fchikeseks v\u00f5i pikemaks peatumiseks. Teeme palju selleks, et tunneksid ennast justkui kodus.[\/vc_column_text][\/vc_column_inner][\/vc_row_inner][vc_single_image image=&#8221;2839&#8243; img_size=&#8221;full&#8221;][vc_raw_html]JTNDYSUyMGhyZWYlM0QlMjIlMjNob3RlbEdhbGxlcnklMjIlMjBpZCUzRCUyMmhvdGVsLWdhbGxlcnktYnRuJTIyJTIwY2xhc3MlM0QlMjJob3RlbC1nYWxsZXJ5LWJ0biUyMiUzRVZhYXRhJTIwbWFqYSUyMGdhbGVyaWlkJTNDJTJGYSUzRQ==[\/vc_raw_html][\/vc_column][\/vc_row][vc_row el_id=&#8221;appartments&#8221;][vc_column][vc_raw_html]JTVCZWFnbGVfYm9va2luZ19zZWFyY2hfcmVzdWx0cyU1RA==[\/vc_raw_html][\/vc_column][\/vc_row][vc_section el_id=&#8221;house-rules&#8221;][vc_row][vc_column][vc_tta_tabs][vc_tta_section title=&#8221;Broneerimine&#8221; tab_id=&#8221;1639553915736-e2be8196-bdc8&#8243; el_class=&#8221;taba01&#8243;][vc_row_inner][vc_column_inner width=&#8221;1\/3&#8243;][vc_column_text]Sisseregistreerimine alates kella 15:00 &#8211; 18.00 V\u00e4ljaregistreerimine kella 12:00[\/vc_column_text][\/vc_column_inner][vc_column_inner width=&#8221;2\/3&#8243;][vc_column_text]P\u00e4rast broneerigut v\u00f5ite paluda varajast sisseregistreerimist ja\/v\u00f5i hilist v\u00e4ljaregistreerimist. Meie meeskond annab endast [&hellip;]","og_url":"https:\/\/www.myapartments.ee\/et\/kotka-2\/","og_site_name":"MyApartments","article_modified_time":"2022-03-17T14:48:33+00:00","twitter_card":"summary_large_image","twitter_misc":{"Est. reading time":"2 minutit"},"schema":{"@context":"https:\/\/schema.org","@graph":[{"@type":"WebPage","@id":"https:\/\/www.myapartments.ee\/et\/kotka-2\/","url":"https:\/\/www.myapartments.ee\/et\/kotka-2\/","name":"Kotka 2 - MyApartments","isPartOf":{"@id":"https:\/\/www.myapartments.ee\/#website"},"datePublished":"2021-12-15T07:23:37+00:00","dateModified":"2022-03-17T14:48:33+00:00","breadcrumb":{"@id":"https:\/\/www.myapartments.ee\/et\/kotka-2\/#breadcrumb"},"inLanguage":"et","potentialAction":[{"@type":"ReadAction","target":["https:\/\/www.myapartments.ee\/et\/kotka-2\/"]}]},{"@type":"BreadcrumbList","@id":"https:\/\/www.myapartments.ee\/et\/kotka-2\/#breadcrumb","itemListElement":[{"@type":"ListItem","position":1,"name":"Home","item":"https:\/\/www.myapartments.ee\/et\/"},{"@type":"ListItem","position":2,"name":"Kotka 2"}]},{"@type":"WebSite","@id":"https:\/\/www.myapartments.ee\/#website","url":"https:\/\/www.myapartments.ee\/","name":"MyApartments","description":"Tallinna parimad hotellikorterid","potentialAction":[{"@type":"SearchAction","target":{"@type":"EntryPoint","urlTemplate":"https:\/\/www.myapartments.ee\/?s={search_term_string}"},"query-input":"required name=search_term_string"}],"inLanguage":"et"}]}},"_links":{"self":[{"href":"https:\/\/www.myapartments.ee\/et\/wp-json\/wp\/v2\/pages\/5087","targetHints":{"allow":["GET"]}}],"collection":[{"href":"https:\/\/www.myapartments.ee\/et\/wp-json\/wp\/v2\/pages"}],"about":[{"href":"https:\/\/www.myapartments.ee\/et\/wp-json\/wp\/v2\/types\/page"}],"author":[{"embeddable":true,"href":"https:\/\/www.myapartments.ee\/et\/wp-json\/wp\/v2\/users\/1"}],"replies":[{"embeddable":true,"href":"https:\/\/www.myapartments.ee\/et\/wp-json\/wp\/v2\/comments?post=5087"}],"version-history":[{"count":21,"href":"https:\/\/www.myapartments.ee\/et\/wp-json\/wp\/v2\/pages\/5087\/revisions"}],"predecessor-version":[{"id":7895,"href":"https:\/\/www.myapartments.ee\/et\/wp-json\/wp\/v2\/pages\/5087\/revisions\/7895"}],"wp:attachment":[{"href":"https:\/\/www.myapartments.ee\/et\/wp-json\/wp\/v2\/media?parent=5087"}],"curies":[{"name":"wp","href":"https:\/\/api.w.org\/{rel}","templated":true}]}}