{"id":5059,"date":"2021-12-29T16:12:00","date_gmt":"2021-12-29T16:12:00","guid":{"rendered":"https:\/\/myapartments.ee\/house-rules-kotka-2\/"},"modified":"2022-03-21T09:27:06","modified_gmt":"2022-03-21T09:27:06","slug":"sisekorraeeskirjad-kotka-2","status":"publish","type":"page","link":"https:\/\/www.myapartments.ee\/et\/sisekorraeeskirjad-kotka-2\/","title":{"rendered":"Sisekorraeeskirjad ( Kotka 2 )"},"content":{"rendered":"<p>[vc_row][vc_column width=&#8221;1\/6&#8243;][\/vc_column][vc_column width=&#8221;2\/3&#8243;][vc_column_text]Maalink O\u00dc<br \/>\nSakala 11, 10141 Tallinn, Estonia<br \/>\nReg nr. 11935774<br \/>\nTel.+37255553379<\/p>\n<p>Antud sisekorraeeskirjad on kohustuslikuks t\u00e4itmiseks k\u00f5ikidele Kotka 2, Tallinn, asuva ehitise (edaspidi Hoone) korterite Klientidele ja kasutajatele (edaspidi Kliendid).<\/p>\n<p><b><br \/>\nKODURAHU<\/b><\/p>\n<ol>\n<li><span style=\"font-weight: 400;\">Klientidel on keelatud h\u00e4irida teisi Kliente (l\u00e4rmata, m\u00e4ngida valjusti muusikat v\u00f5i muul moel rikkuda teiste Kliente rahu).<\/span><\/li>\n<li><span style=\"font-weight: 400;\">\u00d6\u00f6rahu kestab p\u00fchap\u00e4evast reedeni vahemikus <\/span><b>kell 23:00 \u2013 07:00 <\/b><span style=\"font-weight: 400;\">ning reedel ja laup\u00e4eval vahemikus <\/span><b>kell 00:00 \u2013 08:00.<\/b><\/li>\n<li><span style=\"font-weight: 400;\">Klientidel v\u00f5ib k\u00e4ia k\u00fclalisi vahemikus <\/span><b>kell 7:00 \u2013 23:00 <\/b><span style=\"font-weight: 400;\">juhul, kui nende tegevus ei h\u00e4iri teisi Kliente. Klient vastutab enda k\u00fclaliste poolt tekitatud kahju eest nagu enda tekitatud kahju eest.<\/span><\/li>\n<li><span style=\"font-weight: 400;\">Kliendil on keelatud kasutada korterit muuks kui ajutiseks kasutamiseks (keelatud on igasugune \u00e4ritegevus, tootmine, koosolekute ja t\u00f6\u00f6alaste kohtumiste korraldamine).<\/span><\/li>\n<li><span style=\"font-weight: 400;\">Klient kohustub hoidma lisaks Korterile korda ka Hoones ja seda \u00fcmbritseva territooriumi. Keelatud on igasugune kahju tekitamine. Klient kohustub enda j\u00e4rel alati ukse sulgema ning lukustama. Juhul, kui Klient tahtlikult v\u00f5i hooletusest kahjustab Hoonet, Korterit v\u00f5i seda \u00fcmbritsevat territooriumi, siis kohustub ta tekkinud kahju h\u00fcvitama vastavalt seadusele ja Lepingule. Juhul, kui kahju tekitanud isikut ei \u00f5nnestu tuvastada, vastutavad tekkinud kahju eest k\u00f5ik Hoone Kliendid solidaarselt.<\/span><\/li>\n<\/ol>\n<p><b><br \/>\nPUHTUSE HOIDMINE<\/b><\/p>\n<ol>\n<li style=\"font-weight: 400;\" aria-level=\"2\"><span style=\"font-weight: 400;\">Kliendid kohustuvad hoidma puhtust oma Korteris ning Hoones ja Hoone \u00fchisaladel p\u00e4rast nende kasutamist.<\/span><\/li>\n<li style=\"font-weight: 400;\" aria-level=\"2\"><span style=\"font-weight: 400;\">Kliendid kohustuvad j\u00e4rgima Korteri ja\u00a0 Hoone hooldusjuhendeid, millest on Kliente teavitatud.<\/span><\/li>\n<li style=\"font-weight: 400;\" aria-level=\"2\"><span style=\"font-weight: 400;\">Maalingil on \u00f5igus teostada aeg-ajalt kontrolle puhtuse hoidmise ja n\u00f5uete j\u00e4rgimise \u00fcle. Kontrollist teavitatakse Kliente Lepingus s\u00e4testatud korras.<\/span><\/li>\n<li style=\"font-weight: 400;\" aria-level=\"2\"><span style=\"font-weight: 400;\">Lepingu l\u00f5ppedes tuleb korter \u00fcle anda puhtana. Lisaks tellib Maalink lepingu l\u00f5ppemisel korterile \u00fcldpuhastusteenuse vastavalt lepingus s\u00e4testatule v\u00f5i kehtestatud hinnakirjale.<br \/>\n<\/span><\/li>\n<\/ol>\n<p><b><br \/>\nKOOSELAVAD ISIKUD<\/b><\/p>\n<ol>\n<li style=\"font-weight: 400;\" aria-level=\"2\"><span style=\"font-weight: 400;\">Teiste isikute poolt Korteri kasutamine on keelatud.<br \/>\n<\/span><\/li>\n<\/ol>\n<p><b><br \/>\nTURVALISUS<\/b><\/p>\n<ol>\n<li style=\"font-weight: 400;\" aria-level=\"2\"><span style=\"font-weight: 400;\">Hoone ja selles asuvad korterid vastavad tuleohutusn\u00f5uetele. Hoone \u00fcldkasutatavatesse ruumidesse on paigaldatud n\u00f5uetele vastavad evakuatsiooniplaanid. K\u00f5ik Kliendid peavad Hoonesse kolides nendega iseseisvalt tutvuma.<\/span><\/li>\n<li style=\"font-weight: 400;\" aria-level=\"2\"><span style=\"font-weight: 400;\">Turvalisuse tagamiseks tuleb Kliente poolt regulaarselt kontrollida elektriseadmete korrashoidu.\u00a0<\/span><\/li>\n<li style=\"font-weight: 400;\" aria-level=\"2\"><span style=\"font-weight: 400;\">Mittet\u00f6\u00f6tavad, katkised, valesti kasutatud v\u00f5i puudulikult remonditud seadmed v\u00f5ivad kasutaja elu ohtu seada.<\/span><\/li>\n<li style=\"font-weight: 400;\" aria-level=\"2\"><span style=\"font-weight: 400;\">Iseseisev elektrit\u00f6\u00f6de v\u00f5i torut\u00f6\u00f6de tegemine ei ole lubatud. Kui Klientel tekib probleeme elektris\u00fcsteemi v\u00f5i torustikuga, siis tuleb p\u00f6\u00f6rduda klienditeeninduse poole.<\/span><\/li>\n<li style=\"font-weight: 400;\" aria-level=\"2\"><span style=\"font-weight: 400;\">Tuleohutuse tagamiseks tuleb tule k\u00e4sitlemisel olla ettevaatlik, j\u00e4rgida \u00f5igusaktides s\u00e4testatud n\u00f5udeid ning v\u00e4ltida v\u00f5imalike ohuolukordade tekkimist.<\/span><\/li>\n<li style=\"font-weight: 400;\" aria-level=\"2\"><span style=\"font-weight: 400;\">Enne korterist\/Hoonest lahkumist kohustub Klient kontrollima, et potentsiaalset tuleohtu p\u00f5hjustavad seadmed oleksid p\u00e4rast kasutamist v\u00e4lja l\u00fclitatud (triikraud, pliit, jne).<\/span><\/li>\n<li style=\"font-weight: 400;\" aria-level=\"2\"><span style=\"font-weight: 400;\">Liikumisteedele ja trepikotta ei tohi j\u00e4tta esemeid, mis v\u00f5iksid takistada tulekahju korral P\u00e4\u00e4steameti ligip\u00e4\u00e4su Kinnistule, Hoonele ja Korterile.<\/span><\/li>\n<li style=\"font-weight: 400;\" aria-level=\"2\"><span style=\"font-weight: 400;\">\u00dcldise tuleohutuse ning Hoone tehnos\u00fcsteemide korrasoleku tagamiseks teostab Maalink aeg-ajalt ruumides ja korterites kontrolle. Kontrollist teavitatakse Kliente ette Lepingus s\u00e4testatud korras.<\/span><\/li>\n<li style=\"font-weight: 400;\" aria-level=\"2\"><span style=\"font-weight: 400;\">Iga ruumi laes on suitsuandur. Kliendil on keelatud andurit iseseisvalt eemaldada v\u00f5i kinni katta. Juhul, kui suitsuanduriga esineb probleeme, siis tuleb kontakteeruda Maalink esindajaga.<\/span><\/li>\n<li style=\"font-weight: 400;\" aria-level=\"2\"><span style=\"font-weight: 400;\">Kliendil on keelatud v\u00f5imaldada kolmandatele isikutele Hoonesse v\u00f5i korterisse ligip\u00e4\u00e4su.<\/span><\/li>\n<li style=\"font-weight: 400;\" aria-level=\"2\"><span style=\"font-weight: 400;\">Kliendil on keelatud v\u00f5tta enda valdusesse Hoone \u00fchisaladel olevaid esemeid v\u00f5i muid vallasasju, mis on m\u00f5eldud kasutamiseks k\u00f5igile Klientidele.<br \/>\n<\/span><\/li>\n<\/ol>\n<p><b><br \/>\nJ\u00c4\u00c4TMEK\u00c4ITLUS<\/b><\/p>\n<ol>\n<li><span style=\"font-weight: 400;\"><span style=\"font-weight: 400;\">Iga Kliendi kohustus on oma pr\u00fcgi vastavalt konteinerite m\u00e4rgistusele sorteerida.<br \/>\n<\/span><\/span><\/li>\n<\/ol>\n<p><b><br \/>\nREMONT JA PARANDUST\u00d6\u00d6D<\/b><\/p>\n<ol>\n<li><span style=\"font-weight: 400;\">Iseseisev remontt\u00f6\u00f6de teostamine (sh. seintesse aukude puurimine, seinte v\u00e4rvimine) ei ole lubatud.<\/span><\/li>\n<li><span style=\"font-weight: 400;\">Harilik kulumine on Korteri ja sisustuse loomulik kulumine, mis kaasneb eluruumi, seadmete ja sisutuse sihip\u00e4rase kasutamisega. Hariliku kulumise korral on Klient k\u00f5iki seadmeid ja teisi korteri osasid hooldanud vastavalt juhenditele.<\/span><\/li>\n<li><span style=\"font-weight: 400;\">Hariliku kulumise hulka ei kuulu Korteri, seadmete ja sisustuse mittesihip\u00e4rasest kasutamisest tekkinud kulumine, vead ja sellega kaasnev kahju. Mittesihip\u00e4rasest kasutamisest tekkinud kulu eest tuleb tasuda hiljemalt majutamisperioodi l\u00f5ppemisel. Lisaks tuleb tasuda nii Korterile, seadmetele kui sisustusele tahtmatute ning tahtlike vigastuste tekitamise eest. Sellisteks vigastusteks v\u00f5ivad olla n\u00e4iteks l\u00f5ikej\u00e4ljed k\u00f6\u00f6gi tasapinnal, kuuma k\u00f6\u00f6gin\u00f5u asetamine k\u00f6\u00f6gi tasapinnale, m\u00f6\u00f6bli jalgadega p\u00f5randa kahjustamine, vms. Lisaks loetakse selliste vigastuste hulka seinte, p\u00f5randa, lae, akende, uste ja teiste korteri osade m\u00e4\u00e4rdumiste, t\u00e4kete, aukude jm taastamiskulud.<\/span><\/li>\n<li><span style=\"font-weight: 400;\">Maalink poolt paigaldatud sisustuse, seadme v\u00f5i korteriga toimunud juhtumist tuleb viivitamatult Maalinki teavitada (t\u00e4psem info lepingus).<\/span><\/li>\n<li><span style=\"font-weight: 400;\">Juhul kui Maalink peab Korteris teostama hooldus- v\u00f5i remontt\u00f6id mille p\u00f5hjuseks on Kliendi s\u00fc\u00fcline tegevus on Maalingil \u00f5igus esitada T\u00f6\u00f6de teostamise eest Kliendile arve oma hinnakirja alusel.<\/span><\/li>\n<\/ol>\n<p><b><br \/>\nKORTERI SISUSTUS<\/b><\/p>\n<ol>\n<li><span style=\"font-weight: 400;\">Oma m\u00f6\u00f6bli paigaldamine korterisse ei ole lubatud ilma Maalink eelneva kirjaliku n\u00f5usolekuta.<\/span><\/li>\n<\/ol>\n<p><b><br \/>\nSUITSETAMINE JA MUUDE AINETE TARBIMINE<\/b><\/p>\n<ol>\n<li><span style=\"font-weight: 400;\"><span style=\"font-weight: 400;\">Hoone on t\u00e4ielikult suitsuvaba. Hoones sees ning Korteris sees on suitsetamine (sh. e-sigareti suitsetamine) rangelt keelatud. Suitsetamine on lubatud ainult selleks etten\u00e4htud kohtades.<\/span><\/span><\/li>\n<\/ol>\n<p><b><br \/>\nSISEKORRAEESKIRJA T\u00c4IENDAMINE<\/b><\/p>\n<ol>\n<li><span style=\"font-weight: 400;\">Vastavalt vajadusele v\u00f5ib kodukorda lisanduda uusi s\u00e4tteid. Kliente teavitatakse kodukorra uuendamisest kirjalikult.<\/span><\/li>\n<\/ol>\n<p>[\/vc_column_text][\/vc_column][vc_column width=&#8221;1\/6&#8243;][\/vc_column][\/vc_row]<\/p>\n","protected":false},"excerpt":{"rendered":"<p>[vc_row][vc_column width=&#8221;1\/6&#8243;][\/vc_column][vc_column width=&#8221;2\/3&#8243;][vc_column_text]Maalink O\u00dc Sakala 11, 10141 Tallinn, Estonia Reg nr. 11935774 Tel.+37255553379 Antud sisekorraeeskirjad on kohustuslikuks t\u00e4itmiseks k\u00f5ikidele Kotka 2, Tallinn, asuva ehitise (edaspidi Hoone) korterite Klientidele ja kasutajatele (edaspidi Kliendid). KODURAHU Klientidel on keelatud h\u00e4irida teisi Kliente (l\u00e4rmata, m\u00e4ngida valjusti muusikat v\u00f5i muul moel rikkuda teiste Kliente rahu). \u00d6\u00f6rahu kestab p\u00fchap\u00e4evast reedeni vahemikus [&hellip;]<\/p>\n","protected":false},"author":1,"featured_media":0,"parent":0,"menu_order":1003,"comment_status":"closed","ping_status":"closed","template":"","meta":{"inline_featured_image":false,"footnotes":""},"class_list":["post-5059","page","type-page","status-publish","hentry"],"acf":[],"yoast_head":"<!-- This site is optimized with the Yoast SEO plugin v20.5 - https:\/\/yoast.com\/wordpress\/plugins\/seo\/ -->\n<title>Sisekorraeeskirjad ( Kotka 2 ) - MyApartments<\/title>\n<meta name=\"robots\" content=\"index, follow, max-snippet:-1, max-image-preview:large, max-video-preview:-1\" \/>\n<link rel=\"canonical\" href=\"https:\/\/www.myapartments.ee\/et\/sisekorraeeskirjad-kotka-2\/\" \/>\n<meta property=\"og:locale\" content=\"et_EE\" \/>\n<meta property=\"og:type\" content=\"article\" \/>\n<meta property=\"og:title\" content=\"Sisekorraeeskirjad ( Kotka 2 ) - MyApartments\" \/>\n<meta property=\"og:description\" content=\"[vc_row][vc_column width=&#8221;1\/6&#8243;][\/vc_column][vc_column width=&#8221;2\/3&#8243;][vc_column_text]Maalink O\u00dc Sakala 11, 10141 Tallinn, Estonia Reg nr. 11935774 Tel.+37255553379 Antud sisekorraeeskirjad on kohustuslikuks t\u00e4itmiseks k\u00f5ikidele Kotka 2, Tallinn, asuva ehitise (edaspidi Hoone) korterite Klientidele ja kasutajatele (edaspidi Kliendid). KODURAHU Klientidel on keelatud h\u00e4irida teisi Kliente (l\u00e4rmata, m\u00e4ngida valjusti muusikat v\u00f5i muul moel rikkuda teiste Kliente rahu). \u00d6\u00f6rahu kestab p\u00fchap\u00e4evast reedeni vahemikus [&hellip;]\" \/>\n<meta property=\"og:url\" content=\"https:\/\/www.myapartments.ee\/et\/sisekorraeeskirjad-kotka-2\/\" \/>\n<meta property=\"og:site_name\" content=\"MyApartments\" \/>\n<meta property=\"article:modified_time\" content=\"2022-03-21T09:27:06+00:00\" \/>\n<meta name=\"twitter:card\" content=\"summary_large_image\" \/>\n<meta name=\"twitter:label1\" content=\"Est. reading time\" \/>\n\t<meta name=\"twitter:data1\" content=\"3 minutit\" \/>\n<script type=\"application\/ld+json\" class=\"yoast-schema-graph\">{\"@context\":\"https:\/\/schema.org\",\"@graph\":[{\"@type\":\"WebPage\",\"@id\":\"https:\/\/www.myapartments.ee\/et\/sisekorraeeskirjad-kotka-2\/\",\"url\":\"https:\/\/www.myapartments.ee\/et\/sisekorraeeskirjad-kotka-2\/\",\"name\":\"Sisekorraeeskirjad ( Kotka 2 ) - MyApartments\",\"isPartOf\":{\"@id\":\"https:\/\/www.myapartments.ee\/#website\"},\"datePublished\":\"2021-12-29T16:12:00+00:00\",\"dateModified\":\"2022-03-21T09:27:06+00:00\",\"breadcrumb\":{\"@id\":\"https:\/\/www.myapartments.ee\/et\/sisekorraeeskirjad-kotka-2\/#breadcrumb\"},\"inLanguage\":\"et\",\"potentialAction\":[{\"@type\":\"ReadAction\",\"target\":[\"https:\/\/www.myapartments.ee\/et\/sisekorraeeskirjad-kotka-2\/\"]}]},{\"@type\":\"BreadcrumbList\",\"@id\":\"https:\/\/www.myapartments.ee\/et\/sisekorraeeskirjad-kotka-2\/#breadcrumb\",\"itemListElement\":[{\"@type\":\"ListItem\",\"position\":1,\"name\":\"Home\",\"item\":\"https:\/\/www.myapartments.ee\/et\/\"},{\"@type\":\"ListItem\",\"position\":2,\"name\":\"Sisekorraeeskirjad ( Kotka 2 )\"}]},{\"@type\":\"WebSite\",\"@id\":\"https:\/\/www.myapartments.ee\/#website\",\"url\":\"https:\/\/www.myapartments.ee\/\",\"name\":\"MyApartments\",\"description\":\"Tallinna parimad hotellikorterid\",\"potentialAction\":[{\"@type\":\"SearchAction\",\"target\":{\"@type\":\"EntryPoint\",\"urlTemplate\":\"https:\/\/www.myapartments.ee\/?s={search_term_string}\"},\"query-input\":\"required name=search_term_string\"}],\"inLanguage\":\"et\"}]}<\/script>\n<!-- \/ Yoast SEO plugin. -->","yoast_head_json":{"title":"Sisekorraeeskirjad ( Kotka 2 ) - MyApartments","robots":{"index":"index","follow":"follow","max-snippet":"max-snippet:-1","max-image-preview":"max-image-preview:large","max-video-preview":"max-video-preview:-1"},"canonical":"https:\/\/www.myapartments.ee\/et\/sisekorraeeskirjad-kotka-2\/","og_locale":"et_EE","og_type":"article","og_title":"Sisekorraeeskirjad ( Kotka 2 ) - MyApartments","og_description":"[vc_row][vc_column width=&#8221;1\/6&#8243;][\/vc_column][vc_column width=&#8221;2\/3&#8243;][vc_column_text]Maalink O\u00dc Sakala 11, 10141 Tallinn, Estonia Reg nr. 11935774 Tel.+37255553379 Antud sisekorraeeskirjad on kohustuslikuks t\u00e4itmiseks k\u00f5ikidele Kotka 2, Tallinn, asuva ehitise (edaspidi Hoone) korterite Klientidele ja kasutajatele (edaspidi Kliendid). KODURAHU Klientidel on keelatud h\u00e4irida teisi Kliente (l\u00e4rmata, m\u00e4ngida valjusti muusikat v\u00f5i muul moel rikkuda teiste Kliente rahu). \u00d6\u00f6rahu kestab p\u00fchap\u00e4evast reedeni vahemikus [&hellip;]","og_url":"https:\/\/www.myapartments.ee\/et\/sisekorraeeskirjad-kotka-2\/","og_site_name":"MyApartments","article_modified_time":"2022-03-21T09:27:06+00:00","twitter_card":"summary_large_image","twitter_misc":{"Est. reading time":"3 minutit"},"schema":{"@context":"https:\/\/schema.org","@graph":[{"@type":"WebPage","@id":"https:\/\/www.myapartments.ee\/et\/sisekorraeeskirjad-kotka-2\/","url":"https:\/\/www.myapartments.ee\/et\/sisekorraeeskirjad-kotka-2\/","name":"Sisekorraeeskirjad ( Kotka 2 ) - MyApartments","isPartOf":{"@id":"https:\/\/www.myapartments.ee\/#website"},"datePublished":"2021-12-29T16:12:00+00:00","dateModified":"2022-03-21T09:27:06+00:00","breadcrumb":{"@id":"https:\/\/www.myapartments.ee\/et\/sisekorraeeskirjad-kotka-2\/#breadcrumb"},"inLanguage":"et","potentialAction":[{"@type":"ReadAction","target":["https:\/\/www.myapartments.ee\/et\/sisekorraeeskirjad-kotka-2\/"]}]},{"@type":"BreadcrumbList","@id":"https:\/\/www.myapartments.ee\/et\/sisekorraeeskirjad-kotka-2\/#breadcrumb","itemListElement":[{"@type":"ListItem","position":1,"name":"Home","item":"https:\/\/www.myapartments.ee\/et\/"},{"@type":"ListItem","position":2,"name":"Sisekorraeeskirjad ( Kotka 2 )"}]},{"@type":"WebSite","@id":"https:\/\/www.myapartments.ee\/#website","url":"https:\/\/www.myapartments.ee\/","name":"MyApartments","description":"Tallinna parimad hotellikorterid","potentialAction":[{"@type":"SearchAction","target":{"@type":"EntryPoint","urlTemplate":"https:\/\/www.myapartments.ee\/?s={search_term_string}"},"query-input":"required name=search_term_string"}],"inLanguage":"et"}]}},"_links":{"self":[{"href":"https:\/\/www.myapartments.ee\/et\/wp-json\/wp\/v2\/pages\/5059","targetHints":{"allow":["GET"]}}],"collection":[{"href":"https:\/\/www.myapartments.ee\/et\/wp-json\/wp\/v2\/pages"}],"about":[{"href":"https:\/\/www.myapartments.ee\/et\/wp-json\/wp\/v2\/types\/page"}],"author":[{"embeddable":true,"href":"https:\/\/www.myapartments.ee\/et\/wp-json\/wp\/v2\/users\/1"}],"replies":[{"embeddable":true,"href":"https:\/\/www.myapartments.ee\/et\/wp-json\/wp\/v2\/comments?post=5059"}],"version-history":[{"count":6,"href":"https:\/\/www.myapartments.ee\/et\/wp-json\/wp\/v2\/pages\/5059\/revisions"}],"predecessor-version":[{"id":7907,"href":"https:\/\/www.myapartments.ee\/et\/wp-json\/wp\/v2\/pages\/5059\/revisions\/7907"}],"wp:attachment":[{"href":"https:\/\/www.myapartments.ee\/et\/wp-json\/wp\/v2\/media?parent=5059"}],"curies":[{"name":"wp","href":"https:\/\/api.w.org\/{rel}","templated":true}]}}