{"id":5044,"date":"2021-12-28T18:36:18","date_gmt":"2021-12-28T18:36:18","guid":{"rendered":"https:\/\/myapartments.ee\/terms-of-service-sakala-11\/"},"modified":"2022-01-18T07:54:50","modified_gmt":"2022-01-18T07:54:50","slug":"sakala-11-teenustingimused","status":"publish","type":"page","link":"https:\/\/www.myapartments.ee\/et\/sakala-11-teenustingimused\/","title":{"rendered":"Teenustingimused ( Sakala 11 )"},"content":{"rendered":"<p>[vc_row][vc_column width=&#8221;1\/6&#8243;][\/vc_column][vc_column width=&#8221;2\/3&#8243;][vc_column_text]<\/p>\n<p class=\"p1\"><strong>MYAPARTMENTS.EE VEEBISAIDI KASUTUSTINGIMUSED<\/strong><\/p>\n<p class=\"p1\"><strong>1.\u00dcLDINE<br \/>\n<\/strong>1.1 Veebilehe (<a href=\"http:\/\/www.myapartments.ee\"><span class=\"s1\">www.myapartments.ee<\/span><\/a>) kasutamine toimub vastavalt k\u00e4esolevatele tingimustele (Tingimused). Veebilehe kasutamisega n\u00f5ustute tegutsema igal ajal koosk\u00f5las kasutustingimustega. Arvestades, et MyApartments v\u00f5ib igal ajal kasutustingimusi muuta, on soovitatav et te aeg ajalt tutvute kasutustingimustega.<\/p>\n<p>1.2 MyApartments veebilehe sisu, kujundus ja sellel teostavate toimingute korrap\u00e4rasus ja loogika on kaitstud autori\u00f5igustega. Veebilehe ja selle \u00fcksikute osade levitamine, reprodutseerimine ja salvestamine, v\u00e4lja arvatud juhul, kui see on MyApartments veebilehe kasutajale vajalik MyApartments poolt osutavate teenuste isiklikuks kasutamiseks, on rangelt keelatud.<\/p>\n<p><strong>2. VEEBILEHE KASUTAMINE<br \/>\n<\/strong>2.1. MyApartments veebilehe kasutamine toimub eesm\u00e4rgiga broneerida ja saada enda ajutisse kasutusse korter MyApartments veebilehel m\u00e4rgitud hoones.<\/p>\n<p>2.2. MyApartments poolt osutatavaid majutusteenuseid saavad kasutada ja broneeringuid teostada 18-aastased ja vanemad, \u00f5igus ja teov\u00f5imelised f\u00fc\u00fcsilised ja juriidilised isikud. MyApartments v\u00f5ib broneeringut t\u00fchistada kui selgub et<span class=\"Apple-converted-space\">\u00a0 <\/span>klient ei vasta eeltoodud tingimusele.<\/p>\n<p>2.3. Korteri broneerimine toimib viisil, kus klient j\u00e4rgib veebilehel olevaid juhiseid ja teeb j\u00e4rk j\u00e4rgult toiminguid, mille tagaj\u00e4rjel ta s\u00f5lmib MyApartmentsiga lepingu broneerimiss\u00fcsteemis valitud korteri kasutamiseks.<\/p>\n<p>2.4. Broneerides korterit n\u00f5ustub klient k\u00e4esolevate ja muude korteri kasutamise tingimustega, valides korteri liigi, selle kasutamise perioodi, selle kasutamise eest makstava tasu ja muud tingimused.<\/p>\n<p>2.5.Klient kinnitab tehes broneeringu, et ta on teadlik pakutava teenuse olemusest, eesm\u00e4rgist ja broneerimisviisidest ning on saanud vajalikku teavet, mis on vajalik broneeringu tegemiseks ja selle tagaj\u00e4rgedest arusaamiseks.<\/p>\n<p>2.6. Korteri broneerimine l\u00f5ppeb korteri kasutamise eest etten\u00e4htud tasu tasumisega, mille suurus ja tasumise tingimused kuvatakse veebilehel.<\/p>\n<p>2.7. K\u00f5ik maksed teostatakse eurodes. Kui klient teeb makse muus valuutas kui euro, siis on vahetuskursi kulu kliendi kanda.<\/p>\n<p>2.8. Kinnitades broneeringu maksega palutakse kliendil ka kinnitada samaaegselt maksega et klient n\u00f5ustub MyApartments poolt tema veebilehel avaldatud Majutusteenuste \u00dcldtingimustega. Majutusteenuste \u00dcldtingimused on oluline dokument, millega me palume teil t\u00e4helepanelikult tutvuda, eriti selles osas mis puudutab broneeringu t\u00fchistamist ja makstud raha tagastamist.<\/p>\n<p>2.81. Broneeringut on v\u00f5imalik t\u00fchistada 14 p\u00e4ev enne kliendi poolt broneerimisel m\u00e4\u00e4ratud saabumise kuup\u00e4eva, saates vastava kirja veebilehel avaldatud MyApartments emaili aadressile. Sellises juhul tagastab MyApartments 7 p\u00e4eva jooksul kliendile viimase poolt makstud summa, kusjuures k\u00f5ik pangakulud seoses raha tagastamisega kannab klient.<\/p>\n<p>2.8.2. Kui klient t\u00fchistab broneeringu hiljem kui 14 p\u00e4eva enne planeeritud saabumise kuup\u00e4eva MyApartments tagastab 50% kliendi poolt makstud rahadest.<\/p>\n<p>2.8.3. Kui klient t\u00fchistab oma broneeringu enne broneerimisel m\u00e4\u00e4ratud perioodi l\u00f5ppu, kuid peale seda kui ta on asunud Korterit kasutama, siis kliendi poolt tasutud raha talle ei tagastata.<\/p>\n<p>2.9. MyApartments veebilehel on samuti avaldatud muud olulised tingimused, nagu privaatsustingimused, lisateenuste hinnad ja muu vajalik teave.<\/p>\n<p>2.10.Majutusteenuste \u00dcldtingimused on teie ja MyApartments vahel s\u00f5lmitud majutusteenuste lepingu oluline osa mis reguleerib detailselt teievahelisi suhteid teie poolt valitud korteri kasutamisel.<\/p>\n<p>2.11.MyApartments \u00dcldtingimused s\u00e4testavad muuhulgas teie poole korteri vastuv\u00f5tmise ja \u00fcleandmise korda, teie suhtes rakendatavaid trahve ja nende m\u00e4\u00e4rasid, lepingu l\u00f5petamise aluseid ja muid olulisi asjaolusid, mis m\u00f5jutavad teie kohustusi ja \u00f5igus korteri kasutamisel.<\/p>\n<p>2.12.MyApartments \u00dcldtingimuste oluliseks osaks on ka Privaatsustingimused, mis on eraldi avaldatud MyApartments Veebilehel ning millega kliendil on v\u00f5imalik tutvuda.<\/p>\n<p>&nbsp;<\/p>\n<p><strong>3. VASTUTUS<br \/>\n<\/strong>3.1. MyApartments ei vastuta selle eest et kliendil oleks tagatud pidev ja katkematu juurdep\u00e4\u00e4s MyApartments veebilehele.<span class=\"Apple-converted-space\">\u00a0 \u00a0<\/span><\/p>\n<p>3.2. MyApartments on alati \u00f5igus teha muudatusi veebilehel ja sulgeda muudatuste tegemiseks juurdep\u00e4\u00e4su veebilehele.<\/p>\n<p>3.3. MyApartments veebileht v\u00f5ib sisaldada linke lehek\u00fclgedele, mis kuuluvad kolmandatele isikutele v\u00f5i mida haldavad kolmandad isikud. Lingi kaudu sellisele lehek\u00fcljele suundumisega n\u00f5ustute te enne vastava lehek\u00fclje kasutamist vaatama \u00fcle ja aktsepteerima lehek\u00fclje v\u00f5imalikud kasutustingimused. MyApartmentsil puudub kontroll kolmanda isiku veebilehel \u00fcle. MyApartments ei vastuta nende lehek\u00fclgede ja lehek\u00fclgedel avaldatud materjali kasutamisest tuleneva mistahes otsese v\u00f5i kaudse varalise v\u00f5i mittevaralise kahju eest.<\/p>\n<p>3.4. MyApartments veebilehele kuvatud fotod on illustratiivsed. Korterite pildid on v\u00f5imalikult t\u00f5ep\u00e4rased, kuid erinevusi v\u00f5ib esineda seoses muudatustega m\u00f6\u00f6blis jne.<\/p>\n<p><strong><br \/>\n4. K\u00dcPSISED<br \/>\n<\/strong>4.1. MyApartments v\u00f5ib \u00fclal osundatud veebilehel kasutada k\u00fcpsiseid (cookies). N\u00e4iteks veebilehe kasutuse j\u00e4lgimiseks ja reklaami suunamiseks. K\u00f5psusied on v\u00e4ikesed failid, mis saadetakse k\u00fclastatud veebilehelt kasutaja arvutisse ja ja mida kasutatakse lehek\u00fclje k\u00fclastuste h\u00f5lbustamiseks. K\u00fcpsised ei kogu k\u00fclastajat tutvustavaid andmeid ega v\u00f5imalda ligip\u00e4\u00e4su informatsioonile k\u00fclastaja arvuti k\u00f5vakettalt.<\/p>\n<p><strong>5. KONTAKTID<\/strong><\/p>\n<p><span style=\"font-weight: 400;\">5.1 Broneerimisega seonduvates k\u00fcsimustes: <a href=\"mailto:info@myapartments.ee\">info@myapartments.ee<\/a><\/span><\/p>\n<p><span style=\"font-weight: 400;\">5.2 Klienditugi peale kliendi saabumist: <a href=\"mailto:info@myapartments.ee\">info@myapartments.ee<\/a><\/span><\/p>\n<p>[\/vc_column_text][\/vc_column][vc_column width=&#8221;1\/6&#8243;][\/vc_column][\/vc_row]<\/p>\n","protected":false},"excerpt":{"rendered":"<p>[vc_row][vc_column width=&#8221;1\/6&#8243;][\/vc_column][vc_column width=&#8221;2\/3&#8243;][vc_column_text] MYAPARTMENTS.EE VEEBISAIDI KASUTUSTINGIMUSED 1.\u00dcLDINE 1.1 Veebilehe (www.myapartments.ee) kasutamine toimub vastavalt k\u00e4esolevatele tingimustele (Tingimused). Veebilehe kasutamisega n\u00f5ustute tegutsema igal ajal koosk\u00f5las kasutustingimustega. Arvestades, et MyApartments v\u00f5ib igal ajal kasutustingimusi muuta, on soovitatav et te aeg ajalt tutvute kasutustingimustega. 1.2 MyApartments veebilehe sisu, kujundus ja sellel teostavate toimingute korrap\u00e4rasus ja loogika on kaitstud autori\u00f5igustega. [&hellip;]<\/p>\n","protected":false},"author":1,"featured_media":0,"parent":0,"menu_order":1001,"comment_status":"closed","ping_status":"closed","template":"","meta":{"inline_featured_image":false,"footnotes":""},"class_list":["post-5044","page","type-page","status-publish","hentry"],"acf":[],"yoast_head":"<!-- This site is optimized with the Yoast SEO plugin v20.5 - https:\/\/yoast.com\/wordpress\/plugins\/seo\/ -->\n<title>Teenustingimused ( Sakala 11 ) - MyApartments<\/title>\n<meta name=\"robots\" content=\"index, follow, max-snippet:-1, max-image-preview:large, max-video-preview:-1\" \/>\n<link rel=\"canonical\" href=\"https:\/\/www.myapartments.ee\/et\/sakala-11-teenustingimused\/\" \/>\n<meta property=\"og:locale\" content=\"et_EE\" \/>\n<meta property=\"og:type\" content=\"article\" \/>\n<meta property=\"og:title\" content=\"Teenustingimused ( Sakala 11 ) - MyApartments\" \/>\n<meta property=\"og:description\" content=\"[vc_row][vc_column width=&#8221;1\/6&#8243;][\/vc_column][vc_column width=&#8221;2\/3&#8243;][vc_column_text] MYAPARTMENTS.EE VEEBISAIDI KASUTUSTINGIMUSED 1.\u00dcLDINE 1.1 Veebilehe (www.myapartments.ee) kasutamine toimub vastavalt k\u00e4esolevatele tingimustele (Tingimused). Veebilehe kasutamisega n\u00f5ustute tegutsema igal ajal koosk\u00f5las kasutustingimustega. Arvestades, et MyApartments v\u00f5ib igal ajal kasutustingimusi muuta, on soovitatav et te aeg ajalt tutvute kasutustingimustega. 1.2 MyApartments veebilehe sisu, kujundus ja sellel teostavate toimingute korrap\u00e4rasus ja loogika on kaitstud autori\u00f5igustega. [&hellip;]\" \/>\n<meta property=\"og:url\" content=\"https:\/\/www.myapartments.ee\/et\/sakala-11-teenustingimused\/\" \/>\n<meta property=\"og:site_name\" content=\"MyApartments\" \/>\n<meta property=\"article:modified_time\" content=\"2022-01-18T07:54:50+00:00\" \/>\n<meta name=\"twitter:card\" content=\"summary_large_image\" \/>\n<meta name=\"twitter:label1\" content=\"Est. reading time\" \/>\n\t<meta name=\"twitter:data1\" content=\"3 minutit\" \/>\n<script type=\"application\/ld+json\" class=\"yoast-schema-graph\">{\"@context\":\"https:\/\/schema.org\",\"@graph\":[{\"@type\":\"WebPage\",\"@id\":\"https:\/\/www.myapartments.ee\/et\/sakala-11-teenustingimused\/\",\"url\":\"https:\/\/www.myapartments.ee\/et\/sakala-11-teenustingimused\/\",\"name\":\"Teenustingimused ( Sakala 11 ) - MyApartments\",\"isPartOf\":{\"@id\":\"https:\/\/www.myapartments.ee\/#website\"},\"datePublished\":\"2021-12-28T18:36:18+00:00\",\"dateModified\":\"2022-01-18T07:54:50+00:00\",\"breadcrumb\":{\"@id\":\"https:\/\/www.myapartments.ee\/et\/sakala-11-teenustingimused\/#breadcrumb\"},\"inLanguage\":\"et\",\"potentialAction\":[{\"@type\":\"ReadAction\",\"target\":[\"https:\/\/www.myapartments.ee\/et\/sakala-11-teenustingimused\/\"]}]},{\"@type\":\"BreadcrumbList\",\"@id\":\"https:\/\/www.myapartments.ee\/et\/sakala-11-teenustingimused\/#breadcrumb\",\"itemListElement\":[{\"@type\":\"ListItem\",\"position\":1,\"name\":\"Home\",\"item\":\"https:\/\/www.myapartments.ee\/et\/\"},{\"@type\":\"ListItem\",\"position\":2,\"name\":\"Teenustingimused ( Sakala 11 )\"}]},{\"@type\":\"WebSite\",\"@id\":\"https:\/\/www.myapartments.ee\/#website\",\"url\":\"https:\/\/www.myapartments.ee\/\",\"name\":\"MyApartments\",\"description\":\"Tallinna parimad hotellikorterid\",\"potentialAction\":[{\"@type\":\"SearchAction\",\"target\":{\"@type\":\"EntryPoint\",\"urlTemplate\":\"https:\/\/www.myapartments.ee\/?s={search_term_string}\"},\"query-input\":\"required name=search_term_string\"}],\"inLanguage\":\"et\"}]}<\/script>\n<!-- \/ Yoast SEO plugin. -->","yoast_head_json":{"title":"Teenustingimused ( Sakala 11 ) - MyApartments","robots":{"index":"index","follow":"follow","max-snippet":"max-snippet:-1","max-image-preview":"max-image-preview:large","max-video-preview":"max-video-preview:-1"},"canonical":"https:\/\/www.myapartments.ee\/et\/sakala-11-teenustingimused\/","og_locale":"et_EE","og_type":"article","og_title":"Teenustingimused ( Sakala 11 ) - MyApartments","og_description":"[vc_row][vc_column width=&#8221;1\/6&#8243;][\/vc_column][vc_column width=&#8221;2\/3&#8243;][vc_column_text] MYAPARTMENTS.EE VEEBISAIDI KASUTUSTINGIMUSED 1.\u00dcLDINE 1.1 Veebilehe (www.myapartments.ee) kasutamine toimub vastavalt k\u00e4esolevatele tingimustele (Tingimused). Veebilehe kasutamisega n\u00f5ustute tegutsema igal ajal koosk\u00f5las kasutustingimustega. Arvestades, et MyApartments v\u00f5ib igal ajal kasutustingimusi muuta, on soovitatav et te aeg ajalt tutvute kasutustingimustega. 1.2 MyApartments veebilehe sisu, kujundus ja sellel teostavate toimingute korrap\u00e4rasus ja loogika on kaitstud autori\u00f5igustega. [&hellip;]","og_url":"https:\/\/www.myapartments.ee\/et\/sakala-11-teenustingimused\/","og_site_name":"MyApartments","article_modified_time":"2022-01-18T07:54:50+00:00","twitter_card":"summary_large_image","twitter_misc":{"Est. reading time":"3 minutit"},"schema":{"@context":"https:\/\/schema.org","@graph":[{"@type":"WebPage","@id":"https:\/\/www.myapartments.ee\/et\/sakala-11-teenustingimused\/","url":"https:\/\/www.myapartments.ee\/et\/sakala-11-teenustingimused\/","name":"Teenustingimused ( Sakala 11 ) - MyApartments","isPartOf":{"@id":"https:\/\/www.myapartments.ee\/#website"},"datePublished":"2021-12-28T18:36:18+00:00","dateModified":"2022-01-18T07:54:50+00:00","breadcrumb":{"@id":"https:\/\/www.myapartments.ee\/et\/sakala-11-teenustingimused\/#breadcrumb"},"inLanguage":"et","potentialAction":[{"@type":"ReadAction","target":["https:\/\/www.myapartments.ee\/et\/sakala-11-teenustingimused\/"]}]},{"@type":"BreadcrumbList","@id":"https:\/\/www.myapartments.ee\/et\/sakala-11-teenustingimused\/#breadcrumb","itemListElement":[{"@type":"ListItem","position":1,"name":"Home","item":"https:\/\/www.myapartments.ee\/et\/"},{"@type":"ListItem","position":2,"name":"Teenustingimused ( Sakala 11 )"}]},{"@type":"WebSite","@id":"https:\/\/www.myapartments.ee\/#website","url":"https:\/\/www.myapartments.ee\/","name":"MyApartments","description":"Tallinna parimad hotellikorterid","potentialAction":[{"@type":"SearchAction","target":{"@type":"EntryPoint","urlTemplate":"https:\/\/www.myapartments.ee\/?s={search_term_string}"},"query-input":"required name=search_term_string"}],"inLanguage":"et"}]}},"_links":{"self":[{"href":"https:\/\/www.myapartments.ee\/et\/wp-json\/wp\/v2\/pages\/5044","targetHints":{"allow":["GET"]}}],"collection":[{"href":"https:\/\/www.myapartments.ee\/et\/wp-json\/wp\/v2\/pages"}],"about":[{"href":"https:\/\/www.myapartments.ee\/et\/wp-json\/wp\/v2\/types\/page"}],"author":[{"embeddable":true,"href":"https:\/\/www.myapartments.ee\/et\/wp-json\/wp\/v2\/users\/1"}],"replies":[{"embeddable":true,"href":"https:\/\/www.myapartments.ee\/et\/wp-json\/wp\/v2\/comments?post=5044"}],"version-history":[{"count":4,"href":"https:\/\/www.myapartments.ee\/et\/wp-json\/wp\/v2\/pages\/5044\/revisions"}],"predecessor-version":[{"id":5850,"href":"https:\/\/www.myapartments.ee\/et\/wp-json\/wp\/v2\/pages\/5044\/revisions\/5850"}],"wp:attachment":[{"href":"https:\/\/www.myapartments.ee\/et\/wp-json\/wp\/v2\/media?parent=5044"}],"curies":[{"name":"wp","href":"https:\/\/api.w.org\/{rel}","templated":true}]}}